{"id":82,"date":"2014-03-06T13:59:56","date_gmt":"2014-03-06T13:59:56","guid":{"rendered":"http:\/\/demo.deliciousthemes.com\/patti\/?page_id=82"},"modified":"2024-09-25T08:41:59","modified_gmt":"2024-09-25T08:41:59","slug":"homepage","status":"publish","type":"page","link":"https:\/\/michaels.group\/","title":{"rendered":"Homepage"},"content":{"rendered":"<p>[vc_row equal_height=&#8220;yes&#8220; content_placement=&#8220;middle&#8220; dt_no_mb=&#8220;no-margin&#8220; dt_row_type=&#8220;in_container&#8220; bg_color=&#8220;#fafafa&#8220; dt_padding_top=&#8220;100&#8243; dt_padding_bottom=&#8220;20&#8243; dt_id=&#8220;about&#8220;][vc_column][vc_empty_space][vc_row_inner][vc_column_inner width=&#8220;1\/3&#8243;][vc_column_text].<\/p>\n<p><a href=\"https:\/\/www.carlstein.de\/katalog\/mobile\/index.html\" target=\"_blank\" rel=\"noopener noreferrer\"><strong><img loading=\"lazy\" decoding=\"async\" class=\"alignnone wp-image-286 size-medium\" src=\"https:\/\/michaels.group\/wp-content\/uploads\/2024\/09\/Carlstein-300x95.png\" alt=\"\" width=\"300\" height=\"95\" srcset=\"https:\/\/michaels.group\/wp-content\/uploads\/2024\/09\/Carlstein-300x95.png 300w, https:\/\/michaels.group\/wp-content\/uploads\/2024\/09\/Carlstein-1024x324.png 1024w, https:\/\/michaels.group\/wp-content\/uploads\/2024\/09\/Carlstein-768x243.png 768w, https:\/\/michaels.group\/wp-content\/uploads\/2024\/09\/Carlstein-1536x486.png 1536w, https:\/\/michaels.group\/wp-content\/uploads\/2024\/09\/Carlstein-2048x648.png 2048w, https:\/\/michaels.group\/wp-content\/uploads\/2024\/09\/Carlstein-780x247.png 780w, https:\/\/michaels.group\/wp-content\/uploads\/2024\/09\/Carlstein-1120x355.png 1120w\" sizes=\"(max-width: 300px) 100vw, 300px\" \/><\/strong><\/a>[\/vc_column_text]<div style=\"clear:both; width:100%; height:21px\"><\/div>[vc_separator][vc_column_text]<\/p>\n<div class=\"fusion-text fusion-text-1\">\n<div class=\"fusion-text\">industrielle Stanz- und Umformarbeiten von thermisch verformbaren Materialien zur Herstellung von Orthop\u00e4dischen Einlagen-Rohlingen und deren Vertrieb.<\/div>\n<\/div>\n<div>.<\/div>\n<div>.<\/div>\n<div>Carlstein System-Orthop\u00e4die ist ein Hersteller von Orthop\u00e4dischen Einlagen-Rohlingen, und fertigt diese in Manufaktur f\u00fcr Orthop\u00e4die-Schuhmacher, Orthop\u00e4die-Techniker, Sanit\u00e4tsh\u00e4user und f\u00fcr den Gro\u00dfhandel an.<\/div>\n<p>[\/vc_column_text][\/vc_column_inner][vc_column_inner width=&#8220;1\/3&#8243;][vc_column_text].<\/p>\n<p><img loading=\"lazy\" decoding=\"async\" class=\"alignnone wp-image-289 size-medium\" src=\"https:\/\/michaels.group\/wp-content\/uploads\/2024\/09\/PrioPur-300x89.png\" alt=\"\" width=\"300\" height=\"89\" srcset=\"https:\/\/michaels.group\/wp-content\/uploads\/2024\/09\/PrioPur-300x89.png 300w, https:\/\/michaels.group\/wp-content\/uploads\/2024\/09\/PrioPur-1024x305.png 1024w, https:\/\/michaels.group\/wp-content\/uploads\/2024\/09\/PrioPur-768x229.png 768w, https:\/\/michaels.group\/wp-content\/uploads\/2024\/09\/PrioPur-1536x458.png 1536w, https:\/\/michaels.group\/wp-content\/uploads\/2024\/09\/PrioPur-2048x611.png 2048w, https:\/\/michaels.group\/wp-content\/uploads\/2024\/09\/PrioPur-780x233.png 780w, https:\/\/michaels.group\/wp-content\/uploads\/2024\/09\/PrioPur-1120x334.png 1120w\" sizes=\"(max-width: 300px) 100vw, 300px\" \/>[\/vc_column_text]<div style=\"clear:both; width:100%; height:27px\"><\/div>[vc_separator][vc_column_text]Lohnarbeit zur Herstellung von Schuhkomponenten:<br \/>\naus PU, TPU, TR &amp; leicht TR,<br \/>\nStanzen, CNC-schneiden, CNC-fr\u00e4sen,<br \/>\nverkleben von Laufsohlen,<br \/>\nsowie schneiden &amp; n\u00e4hen von Sch\u00e4ften[\/vc_column_text][\/vc_column_inner][vc_column_inner width=&#8220;1\/3&#8243;][vc_column_text]<img loading=\"lazy\" decoding=\"async\" class=\"alignnone wp-image-287 size-medium\" src=\"https:\/\/michaels.group\/wp-content\/uploads\/2024\/09\/Doctor-Carl-300x151.png\" alt=\"\" width=\"300\" height=\"151\" srcset=\"https:\/\/michaels.group\/wp-content\/uploads\/2024\/09\/Doctor-Carl-300x151.png 300w, https:\/\/michaels.group\/wp-content\/uploads\/2024\/09\/Doctor-Carl-1024x516.png 1024w, https:\/\/michaels.group\/wp-content\/uploads\/2024\/09\/Doctor-Carl-768x387.png 768w, https:\/\/michaels.group\/wp-content\/uploads\/2024\/09\/Doctor-Carl-1536x774.png 1536w, https:\/\/michaels.group\/wp-content\/uploads\/2024\/09\/Doctor-Carl-2048x1032.png 2048w, https:\/\/michaels.group\/wp-content\/uploads\/2024\/09\/Doctor-Carl-780x393.png 780w, https:\/\/michaels.group\/wp-content\/uploads\/2024\/09\/Doctor-Carl-1120x564.png 1120w\" sizes=\"(max-width: 300px) 100vw, 300px\" \/><\/p>\n<p>[\/vc_column_text]<div style=\"clear:both; width:100%; height:10px\"><\/div>[vc_separator][vc_column_text]Herstellung und Vertrieb von wohlf\u00fchl- &amp; Gesundheitsschuhen. Basierend aus den Erfahrungen der Carlstein Systemorthop\u00e4die und der Produktionsgesellschaft Prio-Pur.<\/p>\n<p>Ab 2025 werden einige Modelle auf den deutschen Markt kommen, und im Direktvertrieb und \u00fcber ausgew\u00e4hlte Apotheken und Sanit\u00e4tsh\u00e4user angeboten.[\/vc_column_text][\/vc_column_inner][\/vc_row_inner][vc_empty_space][vc_column_text]<\/p>\n<p style=\"text-align: center;\">Unser Konzept ist genau auf Sie abgestimmt.<br \/>\nIhre Idee, unser Know How, Ihr Produkt, wir fertigen f\u00fcr Sie in Lohnarbeit.<br \/>\nQualit\u00e4t ist uns das h\u00f6chste Gut, gefolgt von Service!<br \/>\nAuf unseren Maschinen k\u00f6nnen wir individuell effizient auf fast alle W\u00fcnsche unsrer Kunden eingehen und optimal umsetzen.<\/p>\n<p>[\/vc_column_text][\/vc_column][\/vc_row][vc_row equal_height=&#8220;yes&#8220; dt_no_mb=&#8220;no-margin&#8220; bg_type=&#8220;bg_color&#8220; bg_color=&#8220;#ffffff&#8220; dt_padding_top=&#8220;20&#8243; dt_padding_bottom=&#8220;20&#8243; dt_id=&#8220;about&#8220; bg_color_value=&#8220;#ffffff&#8220;][vc_column][vc_row_inner][vc_column_inner width=&#8220;1\/2&#8243;][vc_single_image image=&#8220;288&#8243; img_size=&#8220;full&#8220;][\/vc_column_inner][vc_column_inner width=&#8220;1\/2&#8243;][vc_column_text]<\/p>\n<div>Wir verstehen uns als Vermieter f\u00fcr den Heimwerker um die Ecke, und Vermieten unsere Ger\u00e4te nur in einem Umkreis von 20km um Penzlin.<\/div>\n<div>Wir verzichten absichtlich auf Hightech Ger\u00e4te f\u00fcr die man eine Schulung ben\u00f6tigt.<\/div>\n<div>Unsere Ger\u00e4te kann jeder Laie nach eine kurzen Einweisung durch seine Einfachheit bedienen.<\/div>\n<div>Unsere Baumaschinen sind einfache robuste Baumaschinen, welches sich im Mietpreis Wiederspiegelt.<\/div>\n<p>[\/vc_column_text][\/vc_column_inner][\/vc_row_inner][\/vc_column][\/vc_row][vc_row equal_height=&#8220;yes&#8220; dt_no_mb=&#8220;no-margin&#8220; bg_color=&#8220;#ffffff&#8220; dt_padding_top=&#8220;20&#8243; dt_padding_bottom=&#8220;20&#8243;][vc_column width=&#8220;1\/2&#8243;][vc_row_inner content_placement=&#8220;middle&#8220;][vc_column_inner width=&#8220;1\/2&#8243;][vc_column_text]<\/p>\n<p style=\"text-align: center;\"><strong>Michaels-Group<\/strong><\/p>\n<p style=\"text-align: center;\">Carlstein 20<br \/>\n<strong>17217 Penzlin<\/strong><\/p>\n<p>[\/vc_column_text][\/vc_column_inner][vc_column_inner width=&#8220;1\/2&#8243;][vc_column_text]<\/p>\n<p style=\"text-align: right;\"><strong>Tel.: +(49) 3962 &#8211; 22 50 20 0<\/strong><\/p>\n<p style=\"text-align: right;\"><strong>Fax: +(49) 3962 &#8211; 22 50 20 1<\/strong><\/p>\n<p style=\"text-align: right;\"><strong>E-Mail: info@michaels.group<\/strong><\/p>\n<p>[\/vc_column_text][\/vc_column_inner][\/vc_row_inner][\/vc_column][vc_column width=&#8220;1\/2&#8243;][vc_gmaps link=&#8220;#E-8_JTNDaWZyYW1lJTIwc3JjJTNEJTIyaHR0cHMlM0ElMkYlMkZ3d3cuZ29vZ2xlLmNvbSUyRm1hcHMlMkZlbWJlZCUzRnBiJTNEJTIxMW0xOCUyMTFtMTIlMjExbTMlMjExZDIzNzAuMzM3MzkyNTE1MDIyJTIxMmQxMy4wMzQ2MzQ1NzYwMTExNTclMjEzZDUzLjU1MTc0NDM3MjM0OTU0NiUyMTJtMyUyMTFmMCUyMTJmMCUyMTNmMCUyMTNtMiUyMTFpMTAyNCUyMTJpNzY4JTIxNGYxMy4xJTIxM20zJTIxMW0yJTIxMXMweDQ3YWJlOGFiNzdlMzBhODklMjUzQTB4ZWYzZTllM2FmNGQyMjA5ZSUyMTJzQ2FybHN0ZWluJTI1MjAyMCUyNTJDJTI1MjAxNzIxNyUyNTIwUGVuemxpbiUyMTVlMCUyMTNtMiUyMTFzZGUlMjEyc2RlJTIxNHYxNzI2NTYzMjA2OTAyJTIxNW0yJTIxMXNkZSUyMTJzZGUlMjIlMjB3aWR0aCUzRCUyMjYwMCUyMiUyMGhlaWdodCUzRCUyMjQ1MCUyMiUyMHN0eWxlJTNEJTIyYm9yZGVyJTNBMCUzQiUyMiUyMGFsbG93ZnVsbHNjcmVlbiUzRCUyMiUyMiUyMGxvYWRpbmclM0QlMjJsYXp5JTIyJTIwcmVmZXJyZXJwb2xpY3klM0QlMjJuby1yZWZlcnJlci13aGVuLWRvd25ncmFkZSUyMiUzRSUzQyUyRmlmcmFtZSUzRQ==&#8220; size=&#8220;300px&#8220;][\/vc_column][\/vc_row]<\/p>\n","protected":false},"excerpt":{"rendered":"<p>[vc_row equal_height=&#8220;yes&#8220; content_placement=&#8220;middle&#8220; dt_no_mb=&#8220;no-margin&#8220; dt_row_type=&#8220;in_container&#8220; bg_color=&#8220;#fafafa&#8220; dt_padding_top=&#8220;100&#8243; dt_padding_bottom=&#8220;20&#8243; dt_id=&#8220;about&#8220;][vc_column][vc_empty_space][vc_row_inner][vc_column_inner width=&#8220;1\/3&#8243;][vc_column_text]. [\/vc_column_text][vc_separator][vc_column_text] industrielle Stanz- und Umformarbeiten von thermisch verformbaren Materialien zur Herstellung von Orthop\u00e4dischen Einlagen-Rohlingen und&#8230;<\/p>\n<p class=\"readmore\"><a class=\"more-btn\" href=\"https:\/\/michaels.group\/\">Read More<\/a><\/p>\n","protected":false},"author":1,"featured_media":0,"parent":0,"menu_order":0,"comment_status":"open","ping_status":"open","template":"template-homepage.php","meta":{"footnotes":""},"class_list":["post-82","page","type-page","status-publish","hentry"],"_links":{"self":[{"href":"https:\/\/michaels.group\/index.php?rest_route=\/wp\/v2\/pages\/82"}],"collection":[{"href":"https:\/\/michaels.group\/index.php?rest_route=\/wp\/v2\/pages"}],"about":[{"href":"https:\/\/michaels.group\/index.php?rest_route=\/wp\/v2\/types\/page"}],"author":[{"embeddable":true,"href":"https:\/\/michaels.group\/index.php?rest_route=\/wp\/v2\/users\/1"}],"replies":[{"embeddable":true,"href":"https:\/\/michaels.group\/index.php?rest_route=%2Fwp%2Fv2%2Fcomments&post=82"}],"version-history":[{"count":144,"href":"https:\/\/michaels.group\/index.php?rest_route=\/wp\/v2\/pages\/82\/revisions"}],"predecessor-version":[{"id":423,"href":"https:\/\/michaels.group\/index.php?rest_route=\/wp\/v2\/pages\/82\/revisions\/423"}],"wp:attachment":[{"href":"https:\/\/michaels.group\/index.php?rest_route=%2Fwp%2Fv2%2Fmedia&parent=82"}],"curies":[{"name":"wp","href":"https:\/\/api.w.org\/{rel}","templated":true}]}}